{"id":1500,"date":"2023-01-25T08:51:11","date_gmt":"2023-01-25T08:51:11","guid":{"rendered":"http:\/\/193.37.212.143\/?post_type=product&#038;p=1500"},"modified":"2023-01-25T08:51:11","modified_gmt":"2023-01-25T08:51:11","slug":"easy-40-kw","status":"publish","type":"product","link":"https:\/\/kbp-ks.com\/?product=easy-40-kw","title":{"rendered":"Easy 40 KW"},"content":{"rendered":"<p>SLIMPEL EASY SLIMPEL EASY SLIMPEL EASY<br \/>\n9 Fal\u00eb ve\u00e7orive t\u00eb tij funksionale, Slimpel Easy \u00ebsht\u00eb nj\u00eb kazan shum\u00eb delikat dhe funksional q\u00eb do t\u00eb tejkaloj\u00eb pritshm\u00ebrit\u00eb tuaja. Me \u00e7mimin e tij ekonomik dhe dizajnin delikat, \u00ebsht\u00eb shum\u00eb i p\u00ebrshtatsh\u00ebm p\u00ebr buxhetin tuaj. Fal\u00eb telekomand\u00ebs q\u00eb disponon, arrihet nj\u00eb rehati shtes\u00eb. Dhoma e djegies dhe tenxherja e djegies s\u00eb k\u00ebsaj pajisjeje jan\u00eb prej \u00e7eliku special t\u00eb kromuar rezistent ndaj temperaturave t\u00eb larta, kurse shk\u00ebmbyesi i nxeht\u00ebsis\u00eb dhe xhaketa e ujit jan\u00eb prej \u00e7eliku.<\/p>\n<p>Pastrimi i shk\u00ebmbyesit t\u00eb nxeht\u00ebsis\u00eb p\u00ebrmes lev\u00ebs<br \/>\nFurnizimi automatik i karburantit<br \/>\nSistemi i ndezjes automatike<br \/>\nSistemi i mbrojtjes nga djegia e shpin\u00ebs<br \/>\nKoh\u00ebmat\u00ebsi i avancuar javor<br \/>\nTelekomand\u00eb e brendshme<br \/>\nPaneli i kontrollit me modulim<br \/>\nTemperatura e jashtme. kontrollues<br \/>\nIzolim i forte me lesh xhami dhe qeramike<br \/>\nDjegia me ventilator t\u00eb rrym\u00ebs<br \/>\nTemp. kontroll me termostatin e dhom\u00ebs<\/p>\n","protected":false},"excerpt":{"rendered":"<p>SLIMPEL EASY SLIMPEL EASY SLIMPEL EASY 9 Fal\u00eb ve\u00e7orive t\u00eb tij funksionale, Slimpel Easy \u00ebsht\u00eb nj\u00eb kazan shum\u00eb delikat dhe funksional q\u00eb do t\u00eb tejkaloj\u00eb pritshm\u00ebrit\u00eb tuaja. Me \u00e7mimin e tij ekonomik dhe dizajnin delikat, \u00ebsht\u00eb shum\u00eb i p\u00ebrshtatsh\u00ebm p\u00ebr buxhetin tuaj. Fal\u00eb telekomand\u00ebs q\u00eb disponon, arrihet nj\u00eb rehati shtes\u00eb. Dhoma e djegies dhe tenxherja [&hellip;]<\/p>\n","protected":false},"featured_media":1510,"template":"","meta":[],"product_cat":[52,51],"product_tag":[],"class_list":{"0":"post-1500","1":"product","2":"type-product","3":"status-publish","4":"has-post-thumbnail","6":"product_cat-pellet","7":"product_cat-heating","9":"first","10":"instock","11":"shipping-taxable","12":"purchasable","13":"product-type-simple"},"yoast_head":"<!-- This site is optimized with the Yoast SEO plugin v20.9 - https:\/\/yoast.com\/wordpress\/plugins\/seo\/ -->\n<title>Easy 40 KW - KBP<\/title>\n<meta name=\"robots\" content=\"index, follow, max-snippet:-1, max-image-preview:large, max-video-preview:-1\" \/>\n<link rel=\"canonical\" href=\"https:\/\/kbp-ks.com\/?product=easy-40-kw\" \/>\n<meta property=\"og:locale\" content=\"en_US\" \/>\n<meta property=\"og:type\" content=\"article\" \/>\n<meta property=\"og:title\" content=\"Easy 40 KW - KBP\" \/>\n<meta property=\"og:description\" content=\"SLIMPEL EASY SLIMPEL EASY SLIMPEL EASY 9 Fal\u00eb ve\u00e7orive t\u00eb tij funksionale, Slimpel Easy \u00ebsht\u00eb nj\u00eb kazan shum\u00eb delikat dhe funksional q\u00eb do t\u00eb tejkaloj\u00eb pritshm\u00ebrit\u00eb tuaja. Me \u00e7mimin e tij ekonomik dhe dizajnin delikat, \u00ebsht\u00eb shum\u00eb i p\u00ebrshtatsh\u00ebm p\u00ebr buxhetin tuaj. Fal\u00eb telekomand\u00ebs q\u00eb disponon, arrihet nj\u00eb rehati shtes\u00eb. Dhoma e djegies dhe tenxherja [&hellip;]\" \/>\n<meta property=\"og:url\" content=\"https:\/\/kbp-ks.com\/?product=easy-40-kw\" \/>\n<meta property=\"og:site_name\" content=\"KBP\" \/>\n<meta property=\"og:image\" content=\"https:\/\/kbp-ks.com\/wp-content\/uploads\/2023\/01\/Easy-40-1.jpg\" \/>\n\t<meta property=\"og:image:width\" content=\"550\" \/>\n\t<meta property=\"og:image:height\" content=\"440\" \/>\n\t<meta property=\"og:image:type\" content=\"image\/jpeg\" \/>\n<meta name=\"twitter:card\" content=\"summary_large_image\" \/>\n<meta name=\"twitter:label1\" content=\"Est. reading time\" \/>\n\t<meta name=\"twitter:data1\" content=\"1 minute\" \/>\n<script type=\"application\/ld+json\" class=\"yoast-schema-graph\">{\"@context\":\"https:\/\/schema.org\",\"@graph\":[{\"@type\":\"WebPage\",\"@id\":\"https:\/\/kbp-ks.com\/?product=easy-40-kw\",\"url\":\"https:\/\/kbp-ks.com\/?product=easy-40-kw\",\"name\":\"Easy 40 KW - KBP\",\"isPartOf\":{\"@id\":\"https:\/\/kbp-ks.com\/#website\"},\"datePublished\":\"2023-01-25T08:51:11+00:00\",\"dateModified\":\"2023-01-25T08:51:11+00:00\",\"breadcrumb\":{\"@id\":\"https:\/\/kbp-ks.com\/?product=easy-40-kw#breadcrumb\"},\"inLanguage\":\"en-US\",\"potentialAction\":[{\"@type\":\"ReadAction\",\"target\":[\"https:\/\/kbp-ks.com\/?product=easy-40-kw\"]}]},{\"@type\":\"BreadcrumbList\",\"@id\":\"https:\/\/kbp-ks.com\/?product=easy-40-kw#breadcrumb\",\"itemListElement\":[{\"@type\":\"ListItem\",\"position\":1,\"name\":\"Home\",\"item\":\"https:\/\/kbp-ks.com\/\"},{\"@type\":\"ListItem\",\"position\":2,\"name\":\"Kategorite e produkteve\",\"item\":\"https:\/\/kbp-ks.com\/?page_id=1781\"},{\"@type\":\"ListItem\",\"position\":3,\"name\":\"Easy 40 KW\"}]},{\"@type\":\"WebSite\",\"@id\":\"https:\/\/kbp-ks.com\/#website\",\"url\":\"https:\/\/kbp-ks.com\/\",\"name\":\"KBP\",\"description\":\"The technology of future\",\"publisher\":{\"@id\":\"https:\/\/kbp-ks.com\/#organization\"},\"potentialAction\":[{\"@type\":\"SearchAction\",\"target\":{\"@type\":\"EntryPoint\",\"urlTemplate\":\"https:\/\/kbp-ks.com\/?s={search_term_string}\"},\"query-input\":\"required name=search_term_string\"}],\"inLanguage\":\"en-US\"},{\"@type\":\"Organization\",\"@id\":\"https:\/\/kbp-ks.com\/#organization\",\"name\":\"KBP\",\"url\":\"https:\/\/kbp-ks.com\/\",\"logo\":{\"@type\":\"ImageObject\",\"inLanguage\":\"en-US\",\"@id\":\"https:\/\/kbp-ks.com\/#\/schema\/logo\/image\/\",\"url\":\"https:\/\/kbp-ks.com\/wp-content\/uploads\/2022\/12\/kbp_1.png\",\"contentUrl\":\"https:\/\/kbp-ks.com\/wp-content\/uploads\/2022\/12\/kbp_1.png\",\"width\":174,\"height\":60,\"caption\":\"KBP\"},\"image\":{\"@id\":\"https:\/\/kbp-ks.com\/#\/schema\/logo\/image\/\"}}]}<\/script>\n<!-- \/ Yoast SEO plugin. -->","yoast_head_json":{"title":"Easy 40 KW - KBP","robots":{"index":"index","follow":"follow","max-snippet":"max-snippet:-1","max-image-preview":"max-image-preview:large","max-video-preview":"max-video-preview:-1"},"canonical":"https:\/\/kbp-ks.com\/?product=easy-40-kw","og_locale":"en_US","og_type":"article","og_title":"Easy 40 KW - KBP","og_description":"SLIMPEL EASY SLIMPEL EASY SLIMPEL EASY 9 Fal\u00eb ve\u00e7orive t\u00eb tij funksionale, Slimpel Easy \u00ebsht\u00eb nj\u00eb kazan shum\u00eb delikat dhe funksional q\u00eb do t\u00eb tejkaloj\u00eb pritshm\u00ebrit\u00eb tuaja. Me \u00e7mimin e tij ekonomik dhe dizajnin delikat, \u00ebsht\u00eb shum\u00eb i p\u00ebrshtatsh\u00ebm p\u00ebr buxhetin tuaj. Fal\u00eb telekomand\u00ebs q\u00eb disponon, arrihet nj\u00eb rehati shtes\u00eb. Dhoma e djegies dhe tenxherja [&hellip;]","og_url":"https:\/\/kbp-ks.com\/?product=easy-40-kw","og_site_name":"KBP","og_image":[{"width":550,"height":440,"url":"https:\/\/kbp-ks.com\/wp-content\/uploads\/2023\/01\/Easy-40-1.jpg","type":"image\/jpeg"}],"twitter_card":"summary_large_image","twitter_misc":{"Est. reading time":"1 minute"},"schema":{"@context":"https:\/\/schema.org","@graph":[{"@type":"WebPage","@id":"https:\/\/kbp-ks.com\/?product=easy-40-kw","url":"https:\/\/kbp-ks.com\/?product=easy-40-kw","name":"Easy 40 KW - KBP","isPartOf":{"@id":"https:\/\/kbp-ks.com\/#website"},"datePublished":"2023-01-25T08:51:11+00:00","dateModified":"2023-01-25T08:51:11+00:00","breadcrumb":{"@id":"https:\/\/kbp-ks.com\/?product=easy-40-kw#breadcrumb"},"inLanguage":"en-US","potentialAction":[{"@type":"ReadAction","target":["https:\/\/kbp-ks.com\/?product=easy-40-kw"]}]},{"@type":"BreadcrumbList","@id":"https:\/\/kbp-ks.com\/?product=easy-40-kw#breadcrumb","itemListElement":[{"@type":"ListItem","position":1,"name":"Home","item":"https:\/\/kbp-ks.com\/"},{"@type":"ListItem","position":2,"name":"Kategorite e produkteve","item":"https:\/\/kbp-ks.com\/?page_id=1781"},{"@type":"ListItem","position":3,"name":"Easy 40 KW"}]},{"@type":"WebSite","@id":"https:\/\/kbp-ks.com\/#website","url":"https:\/\/kbp-ks.com\/","name":"KBP","description":"The technology of future","publisher":{"@id":"https:\/\/kbp-ks.com\/#organization"},"potentialAction":[{"@type":"SearchAction","target":{"@type":"EntryPoint","urlTemplate":"https:\/\/kbp-ks.com\/?s={search_term_string}"},"query-input":"required name=search_term_string"}],"inLanguage":"en-US"},{"@type":"Organization","@id":"https:\/\/kbp-ks.com\/#organization","name":"KBP","url":"https:\/\/kbp-ks.com\/","logo":{"@type":"ImageObject","inLanguage":"en-US","@id":"https:\/\/kbp-ks.com\/#\/schema\/logo\/image\/","url":"https:\/\/kbp-ks.com\/wp-content\/uploads\/2022\/12\/kbp_1.png","contentUrl":"https:\/\/kbp-ks.com\/wp-content\/uploads\/2022\/12\/kbp_1.png","width":174,"height":60,"caption":"KBP"},"image":{"@id":"https:\/\/kbp-ks.com\/#\/schema\/logo\/image\/"}}]}},"_links":{"self":[{"href":"https:\/\/kbp-ks.com\/index.php?rest_route=\/wp\/v2\/product\/1500","targetHints":{"allow":["GET"]}}],"collection":[{"href":"https:\/\/kbp-ks.com\/index.php?rest_route=\/wp\/v2\/product"}],"about":[{"href":"https:\/\/kbp-ks.com\/index.php?rest_route=\/wp\/v2\/types\/product"}],"wp:featuredmedia":[{"embeddable":true,"href":"https:\/\/kbp-ks.com\/index.php?rest_route=\/wp\/v2\/media\/1510"}],"wp:attachment":[{"href":"https:\/\/kbp-ks.com\/index.php?rest_route=%2Fwp%2Fv2%2Fmedia&parent=1500"}],"wp:term":[{"taxonomy":"product_cat","embeddable":true,"href":"https:\/\/kbp-ks.com\/index.php?rest_route=%2Fwp%2Fv2%2Fproduct_cat&post=1500"},{"taxonomy":"product_tag","embeddable":true,"href":"https:\/\/kbp-ks.com\/index.php?rest_route=%2Fwp%2Fv2%2Fproduct_tag&post=1500"}],"curies":[{"name":"wp","href":"https:\/\/api.w.org\/{rel}","templated":true}]}}