{"id":1553,"date":"2023-01-30T07:48:02","date_gmt":"2023-01-30T07:48:02","guid":{"rendered":"http:\/\/193.37.212.143\/?post_type=product&#038;p=1553"},"modified":"2023-01-30T07:52:48","modified_gmt":"2023-01-30T07:52:48","slug":"kalldaj-ventilator-30kw-300kw","status":"publish","type":"product","link":"https:\/\/kbp-ks.com\/?product=kalldaj-ventilator-30kw-300kw","title":{"rendered":"Kalldaj Ventilator 30KW &#8211; 300kw"},"content":{"rendered":"<p>e kapacitetet e disponueshme midis 20.000 Kcal\/h \u2013 130.000 Kcal\/h, serit\u00eb MANUAL ofrojn\u00eb<br \/>\nnj\u00eb p\u00ebrdorim t\u00eb leht\u00eb fal\u00eb dyerve t\u00eb tyre t\u00eb gjera t\u00eb p\u00ebrparme dhe i mund\u00ebsojn\u00eb p\u00ebrdoruesit t\u00eb djeg\u00eb trungje druri dhe copa qymyri.<br \/>\nFal\u00eb sistemit t\u00eb tij t\u00eb grilave t\u00eb rrotullueshme me dor\u00eb, ai mban nj\u00eb djegie t\u00eb vazhdueshme efikase duke e trazuar<br \/>\nkarburantin gjat\u00eb djegies.\u00a0Dhoma e djegies pastrohet manualisht me ndihm\u00ebn e nj\u00eb lev\u00eb.\u00a0Drita e tymit<br \/>\nmund t\u00eb rregullohet me amortizuesin e tymit dhe fal\u00eb turbulant\u00ebve t\u00eb shk\u00ebmbyesit t\u00eb nxeht\u00ebsis\u00eb, arrihet<br \/>\nkursimi maksimal i karburantit. Dhoma e djegies dhe grila e k\u00ebsaj pajisjeje jan\u00eb prej gize, nd\u00ebrsa shk\u00ebmbyesi i nxeht\u00ebsis\u00eb dhe xhaketa e ujit jan\u00eb prej \u00e7eliku<\/p>\n","protected":false},"excerpt":{"rendered":"<p>e kapacitetet e disponueshme midis 20.000 Kcal\/h \u2013 130.000 Kcal\/h, serit\u00eb MANUAL ofrojn\u00eb nj\u00eb p\u00ebrdorim t\u00eb leht\u00eb fal\u00eb dyerve t\u00eb tyre t\u00eb gjera t\u00eb p\u00ebrparme dhe i mund\u00ebsojn\u00eb p\u00ebrdoruesit t\u00eb djeg\u00eb trungje druri dhe copa qymyri. Fal\u00eb sistemit t\u00eb tij t\u00eb grilave t\u00eb rrotullueshme me dor\u00eb, ai mban nj\u00eb djegie t\u00eb vazhdueshme efikase duke e [&hellip;]<\/p>\n","protected":false},"featured_media":1554,"template":"","meta":[],"product_cat":[53],"product_tag":[],"class_list":{"0":"post-1553","1":"product","2":"type-product","3":"status-publish","4":"has-post-thumbnail","6":"product_cat-me-biomas-dru","8":"first","9":"instock","10":"shipping-taxable","11":"product-type-simple"},"yoast_head":"<!-- This site is optimized with the Yoast SEO plugin v20.9 - https:\/\/yoast.com\/wordpress\/plugins\/seo\/ -->\n<title>Kalldaj Ventilator 30KW - 300kw - KBP<\/title>\n<meta name=\"robots\" content=\"index, follow, max-snippet:-1, max-image-preview:large, max-video-preview:-1\" \/>\n<link rel=\"canonical\" href=\"https:\/\/kbp-ks.com\/?product=kalldaj-ventilator-30kw-300kw\" \/>\n<meta property=\"og:locale\" content=\"en_US\" \/>\n<meta property=\"og:type\" content=\"article\" \/>\n<meta property=\"og:title\" content=\"Kalldaj Ventilator 30KW - 300kw - KBP\" \/>\n<meta property=\"og:description\" content=\"e kapacitetet e disponueshme midis 20.000 Kcal\/h \u2013 130.000 Kcal\/h, serit\u00eb MANUAL ofrojn\u00eb nj\u00eb p\u00ebrdorim t\u00eb leht\u00eb fal\u00eb dyerve t\u00eb tyre t\u00eb gjera t\u00eb p\u00ebrparme dhe i mund\u00ebsojn\u00eb p\u00ebrdoruesit t\u00eb djeg\u00eb trungje druri dhe copa qymyri. Fal\u00eb sistemit t\u00eb tij t\u00eb grilave t\u00eb rrotullueshme me dor\u00eb, ai mban nj\u00eb djegie t\u00eb vazhdueshme efikase duke e [&hellip;]\" \/>\n<meta property=\"og:url\" content=\"https:\/\/kbp-ks.com\/?product=kalldaj-ventilator-30kw-300kw\" \/>\n<meta property=\"og:site_name\" content=\"KBP\" \/>\n<meta property=\"article:modified_time\" content=\"2023-01-30T07:52:48+00:00\" \/>\n<meta property=\"og:image\" content=\"https:\/\/kbp-ks.com\/wp-content\/uploads\/2023\/01\/manuel_final01_6864f.jpg.480p.jpg\" \/>\n\t<meta property=\"og:image:width\" content=\"480\" \/>\n\t<meta property=\"og:image:height\" content=\"384\" \/>\n\t<meta property=\"og:image:type\" content=\"image\/jpeg\" \/>\n<meta name=\"twitter:card\" content=\"summary_large_image\" \/>\n<meta name=\"twitter:label1\" content=\"Est. reading time\" \/>\n\t<meta name=\"twitter:data1\" content=\"1 minute\" \/>\n<script type=\"application\/ld+json\" class=\"yoast-schema-graph\">{\"@context\":\"https:\/\/schema.org\",\"@graph\":[{\"@type\":\"WebPage\",\"@id\":\"https:\/\/kbp-ks.com\/?product=kalldaj-ventilator-30kw-300kw\",\"url\":\"https:\/\/kbp-ks.com\/?product=kalldaj-ventilator-30kw-300kw\",\"name\":\"Kalldaj Ventilator 30KW - 300kw - KBP\",\"isPartOf\":{\"@id\":\"https:\/\/kbp-ks.com\/#website\"},\"datePublished\":\"2023-01-30T07:48:02+00:00\",\"dateModified\":\"2023-01-30T07:52:48+00:00\",\"breadcrumb\":{\"@id\":\"https:\/\/kbp-ks.com\/?product=kalldaj-ventilator-30kw-300kw#breadcrumb\"},\"inLanguage\":\"en-US\",\"potentialAction\":[{\"@type\":\"ReadAction\",\"target\":[\"https:\/\/kbp-ks.com\/?product=kalldaj-ventilator-30kw-300kw\"]}]},{\"@type\":\"BreadcrumbList\",\"@id\":\"https:\/\/kbp-ks.com\/?product=kalldaj-ventilator-30kw-300kw#breadcrumb\",\"itemListElement\":[{\"@type\":\"ListItem\",\"position\":1,\"name\":\"Home\",\"item\":\"https:\/\/kbp-ks.com\/\"},{\"@type\":\"ListItem\",\"position\":2,\"name\":\"Kategorite e produkteve\",\"item\":\"https:\/\/kbp-ks.com\/?page_id=1781\"},{\"@type\":\"ListItem\",\"position\":3,\"name\":\"Kalldaj Ventilator 30KW &#8211; 300kw\"}]},{\"@type\":\"WebSite\",\"@id\":\"https:\/\/kbp-ks.com\/#website\",\"url\":\"https:\/\/kbp-ks.com\/\",\"name\":\"KBP\",\"description\":\"The technology of future\",\"publisher\":{\"@id\":\"https:\/\/kbp-ks.com\/#organization\"},\"potentialAction\":[{\"@type\":\"SearchAction\",\"target\":{\"@type\":\"EntryPoint\",\"urlTemplate\":\"https:\/\/kbp-ks.com\/?s={search_term_string}\"},\"query-input\":\"required name=search_term_string\"}],\"inLanguage\":\"en-US\"},{\"@type\":\"Organization\",\"@id\":\"https:\/\/kbp-ks.com\/#organization\",\"name\":\"KBP\",\"url\":\"https:\/\/kbp-ks.com\/\",\"logo\":{\"@type\":\"ImageObject\",\"inLanguage\":\"en-US\",\"@id\":\"https:\/\/kbp-ks.com\/#\/schema\/logo\/image\/\",\"url\":\"https:\/\/kbp-ks.com\/wp-content\/uploads\/2022\/12\/kbp_1.png\",\"contentUrl\":\"https:\/\/kbp-ks.com\/wp-content\/uploads\/2022\/12\/kbp_1.png\",\"width\":174,\"height\":60,\"caption\":\"KBP\"},\"image\":{\"@id\":\"https:\/\/kbp-ks.com\/#\/schema\/logo\/image\/\"}}]}<\/script>\n<!-- \/ Yoast SEO plugin. -->","yoast_head_json":{"title":"Kalldaj Ventilator 30KW - 300kw - KBP","robots":{"index":"index","follow":"follow","max-snippet":"max-snippet:-1","max-image-preview":"max-image-preview:large","max-video-preview":"max-video-preview:-1"},"canonical":"https:\/\/kbp-ks.com\/?product=kalldaj-ventilator-30kw-300kw","og_locale":"en_US","og_type":"article","og_title":"Kalldaj Ventilator 30KW - 300kw - KBP","og_description":"e kapacitetet e disponueshme midis 20.000 Kcal\/h \u2013 130.000 Kcal\/h, serit\u00eb MANUAL ofrojn\u00eb nj\u00eb p\u00ebrdorim t\u00eb leht\u00eb fal\u00eb dyerve t\u00eb tyre t\u00eb gjera t\u00eb p\u00ebrparme dhe i mund\u00ebsojn\u00eb p\u00ebrdoruesit t\u00eb djeg\u00eb trungje druri dhe copa qymyri. Fal\u00eb sistemit t\u00eb tij t\u00eb grilave t\u00eb rrotullueshme me dor\u00eb, ai mban nj\u00eb djegie t\u00eb vazhdueshme efikase duke e [&hellip;]","og_url":"https:\/\/kbp-ks.com\/?product=kalldaj-ventilator-30kw-300kw","og_site_name":"KBP","article_modified_time":"2023-01-30T07:52:48+00:00","og_image":[{"width":480,"height":384,"url":"https:\/\/kbp-ks.com\/wp-content\/uploads\/2023\/01\/manuel_final01_6864f.jpg.480p.jpg","type":"image\/jpeg"}],"twitter_card":"summary_large_image","twitter_misc":{"Est. reading time":"1 minute"},"schema":{"@context":"https:\/\/schema.org","@graph":[{"@type":"WebPage","@id":"https:\/\/kbp-ks.com\/?product=kalldaj-ventilator-30kw-300kw","url":"https:\/\/kbp-ks.com\/?product=kalldaj-ventilator-30kw-300kw","name":"Kalldaj Ventilator 30KW - 300kw - KBP","isPartOf":{"@id":"https:\/\/kbp-ks.com\/#website"},"datePublished":"2023-01-30T07:48:02+00:00","dateModified":"2023-01-30T07:52:48+00:00","breadcrumb":{"@id":"https:\/\/kbp-ks.com\/?product=kalldaj-ventilator-30kw-300kw#breadcrumb"},"inLanguage":"en-US","potentialAction":[{"@type":"ReadAction","target":["https:\/\/kbp-ks.com\/?product=kalldaj-ventilator-30kw-300kw"]}]},{"@type":"BreadcrumbList","@id":"https:\/\/kbp-ks.com\/?product=kalldaj-ventilator-30kw-300kw#breadcrumb","itemListElement":[{"@type":"ListItem","position":1,"name":"Home","item":"https:\/\/kbp-ks.com\/"},{"@type":"ListItem","position":2,"name":"Kategorite e produkteve","item":"https:\/\/kbp-ks.com\/?page_id=1781"},{"@type":"ListItem","position":3,"name":"Kalldaj Ventilator 30KW &#8211; 300kw"}]},{"@type":"WebSite","@id":"https:\/\/kbp-ks.com\/#website","url":"https:\/\/kbp-ks.com\/","name":"KBP","description":"The technology of future","publisher":{"@id":"https:\/\/kbp-ks.com\/#organization"},"potentialAction":[{"@type":"SearchAction","target":{"@type":"EntryPoint","urlTemplate":"https:\/\/kbp-ks.com\/?s={search_term_string}"},"query-input":"required name=search_term_string"}],"inLanguage":"en-US"},{"@type":"Organization","@id":"https:\/\/kbp-ks.com\/#organization","name":"KBP","url":"https:\/\/kbp-ks.com\/","logo":{"@type":"ImageObject","inLanguage":"en-US","@id":"https:\/\/kbp-ks.com\/#\/schema\/logo\/image\/","url":"https:\/\/kbp-ks.com\/wp-content\/uploads\/2022\/12\/kbp_1.png","contentUrl":"https:\/\/kbp-ks.com\/wp-content\/uploads\/2022\/12\/kbp_1.png","width":174,"height":60,"caption":"KBP"},"image":{"@id":"https:\/\/kbp-ks.com\/#\/schema\/logo\/image\/"}}]}},"_links":{"self":[{"href":"https:\/\/kbp-ks.com\/index.php?rest_route=\/wp\/v2\/product\/1553","targetHints":{"allow":["GET"]}}],"collection":[{"href":"https:\/\/kbp-ks.com\/index.php?rest_route=\/wp\/v2\/product"}],"about":[{"href":"https:\/\/kbp-ks.com\/index.php?rest_route=\/wp\/v2\/types\/product"}],"wp:featuredmedia":[{"embeddable":true,"href":"https:\/\/kbp-ks.com\/index.php?rest_route=\/wp\/v2\/media\/1554"}],"wp:attachment":[{"href":"https:\/\/kbp-ks.com\/index.php?rest_route=%2Fwp%2Fv2%2Fmedia&parent=1553"}],"wp:term":[{"taxonomy":"product_cat","embeddable":true,"href":"https:\/\/kbp-ks.com\/index.php?rest_route=%2Fwp%2Fv2%2Fproduct_cat&post=1553"},{"taxonomy":"product_tag","embeddable":true,"href":"https:\/\/kbp-ks.com\/index.php?rest_route=%2Fwp%2Fv2%2Fproduct_tag&post=1553"}],"curies":[{"name":"wp","href":"https:\/\/api.w.org\/{rel}","templated":true}]}}