{"id":1577,"date":"2023-01-30T21:58:20","date_gmt":"2023-01-30T21:58:20","guid":{"rendered":"http:\/\/193.37.212.143\/?post_type=product&#038;p=1577"},"modified":"2023-02-14T16:10:27","modified_gmt":"2023-02-14T16:10:27","slug":"valvula-termostatike","status":"publish","type":"product","link":"https:\/\/kbp-ks.com\/?product=valvula-termostatike","title":{"rendered":"Valvula Termostatike"},"content":{"rendered":"<p>N\u00eb nj\u00eb asamble termostatike (koka dhe trupi), trupi kontrollon ujin q\u00eb kalon dhe lidh tubat me radiatorin.\u00a0Trupi fiks termostatik Kv lejon rregullimin e temperatur\u00ebs bazuar n\u00eb nj\u00eb norm\u00eb fikse t\u00eb rrjedh\u00ebs s\u00eb ujit n\u00eb t\u00eb gjith\u00eb sistemin.\u00a0N\u00eb var\u00ebsi t\u00eb modelit, \u00ebsht\u00eb i disponuesh\u00ebm n\u00eb form\u00eb t\u00eb drejt\u00eb, me k\u00ebnd, me k\u00ebnd t\u00eb kund\u00ebrt dhe me k\u00ebnd t\u00eb dyfisht\u00eb, n\u00eb M28 dhe M30, p\u00ebr 1\/2&#8243;, 3\/4&#8243; dhe 3\/8&#8243;.<\/p>\n<p>&nbsp;<\/p>\n<p><span class=\"cat-li\">Performanc\u00eb e shk\u00eblqyer.<br \/>\n<\/span><span class=\"cat-li\">Mund t\u00eb p\u00ebrdoret me rrjedhje n\u00eb t\u00eb dy drejtimet.<br \/>\n<\/span><span class=\"cat-li\">Nuk ka zhurm\u00eb rrjedhjeje.<\/span><span class=\"cat-li\">Asnj\u00eb dridhje.<br \/>\n<\/span><span class=\"cat-li\">Mekanizmi nuk ngjitet n\u00eb rast t\u00eb mbylljes s\u00eb zgjatur.<\/span><\/p>\n<p>&nbsp;<\/p>\n","protected":false},"excerpt":{"rendered":"<p>T\u00eb gjith\u00eb trupat termostatik\u00eb COMAP jan\u00eb b\u00ebr\u00eb n\u00eb Franc\u00eb, n\u00eb fabrik\u00ebn COMAP n\u00eb Abbeville, n\u00eb departamentin Somme.<\/p>\n<p><span class=\"cat-li\">Trupat termostatik\u00eb Kv fiks COMAP jan\u00eb t\u00eb p\u00ebrshtatsh\u00ebm p\u00ebr aplikimet e m\u00ebposhtme: Ngrohje.<\/span><span class=\"cat-li\">Sisteme standarde t\u00eb ngrohjes me uj\u00eb t\u00eb ngroht\u00eb, n\u00eb kushtet e m\u00ebposhtme:<br \/>\n<\/span><span class=\"cat-li-second\">Presioni maksimal i funksionimit: 10 bar.<br \/>\n<\/span><span class=\"cat-li-second\">Temperatura maksimale e funksionimit: 110 \u00b0C.<br \/>\n<\/span><span class=\"cat-li-second\">Presioni diferencial maksimal: 0,6 bar.<br \/>\n<\/span><span class=\"cat-li-second\">Goditja maksimale: 2 mm.<\/span><\/p>\n","protected":false},"featured_media":1578,"template":"","meta":[],"product_cat":[56,51],"product_tag":[],"class_list":{"0":"post-1577","1":"product","2":"type-product","3":"status-publish","4":"has-post-thumbnail","6":"product_cat-radiator","7":"product_cat-heating","9":"first","10":"instock","11":"shipping-taxable","12":"purchasable","13":"product-type-simple"},"yoast_head":"<!-- This site is optimized with the Yoast SEO plugin v20.9 - https:\/\/yoast.com\/wordpress\/plugins\/seo\/ -->\n<title>Valvula Termostatike - KBP<\/title>\n<meta name=\"robots\" content=\"index, follow, max-snippet:-1, max-image-preview:large, max-video-preview:-1\" \/>\n<link rel=\"canonical\" href=\"https:\/\/kbp-ks.com\/?product=valvula-termostatike\" \/>\n<meta property=\"og:locale\" content=\"en_US\" \/>\n<meta property=\"og:type\" content=\"article\" \/>\n<meta property=\"og:title\" content=\"Valvula Termostatike - KBP\" \/>\n<meta property=\"og:description\" content=\"T\u00eb gjith\u00eb trupat termostatik\u00eb COMAP jan\u00eb b\u00ebr\u00eb n\u00eb Franc\u00eb, n\u00eb fabrik\u00ebn COMAP n\u00eb Abbeville, n\u00eb departamentin Somme.  Trupat termostatik\u00eb Kv fiks COMAP jan\u00eb t\u00eb p\u00ebrshtatsh\u00ebm p\u00ebr aplikimet e m\u00ebposhtme: Ngrohje.Sisteme standarde t\u00eb ngrohjes me uj\u00eb t\u00eb ngroht\u00eb, n\u00eb kushtet e m\u00ebposhtme: Presioni maksimal i funksionimit: 10 bar. Temperatura maksimale e funksionimit: 110 \u00b0C. Presioni diferencial maksimal: 0,6 bar. Goditja maksimale: 2 mm.\" \/>\n<meta property=\"og:url\" content=\"https:\/\/kbp-ks.com\/?product=valvula-termostatike\" \/>\n<meta property=\"og:site_name\" content=\"KBP\" \/>\n<meta property=\"article:modified_time\" content=\"2023-02-14T16:10:27+00:00\" \/>\n<meta property=\"og:image\" content=\"https:\/\/kbp-ks.com\/wp-content\/uploads\/2023\/01\/valvula-termostatike.jpg\" \/>\n\t<meta property=\"og:image:width\" content=\"1024\" \/>\n\t<meta property=\"og:image:height\" content=\"996\" \/>\n\t<meta property=\"og:image:type\" content=\"image\/jpeg\" \/>\n<meta name=\"twitter:card\" content=\"summary_large_image\" \/>\n<meta name=\"twitter:label1\" content=\"Est. reading time\" \/>\n\t<meta name=\"twitter:data1\" content=\"1 minute\" \/>\n<script type=\"application\/ld+json\" class=\"yoast-schema-graph\">{\"@context\":\"https:\/\/schema.org\",\"@graph\":[{\"@type\":\"WebPage\",\"@id\":\"https:\/\/kbp-ks.com\/?product=valvula-termostatike\",\"url\":\"https:\/\/kbp-ks.com\/?product=valvula-termostatike\",\"name\":\"Valvula Termostatike - KBP\",\"isPartOf\":{\"@id\":\"https:\/\/kbp-ks.com\/#website\"},\"datePublished\":\"2023-01-30T21:58:20+00:00\",\"dateModified\":\"2023-02-14T16:10:27+00:00\",\"breadcrumb\":{\"@id\":\"https:\/\/kbp-ks.com\/?product=valvula-termostatike#breadcrumb\"},\"inLanguage\":\"en-US\",\"potentialAction\":[{\"@type\":\"ReadAction\",\"target\":[\"https:\/\/kbp-ks.com\/?product=valvula-termostatike\"]}]},{\"@type\":\"BreadcrumbList\",\"@id\":\"https:\/\/kbp-ks.com\/?product=valvula-termostatike#breadcrumb\",\"itemListElement\":[{\"@type\":\"ListItem\",\"position\":1,\"name\":\"Home\",\"item\":\"https:\/\/kbp-ks.com\/\"},{\"@type\":\"ListItem\",\"position\":2,\"name\":\"Kategorite e produkteve\",\"item\":\"https:\/\/kbp-ks.com\/?page_id=1781\"},{\"@type\":\"ListItem\",\"position\":3,\"name\":\"Valvula Termostatike\"}]},{\"@type\":\"WebSite\",\"@id\":\"https:\/\/kbp-ks.com\/#website\",\"url\":\"https:\/\/kbp-ks.com\/\",\"name\":\"KBP\",\"description\":\"The technology of future\",\"publisher\":{\"@id\":\"https:\/\/kbp-ks.com\/#organization\"},\"potentialAction\":[{\"@type\":\"SearchAction\",\"target\":{\"@type\":\"EntryPoint\",\"urlTemplate\":\"https:\/\/kbp-ks.com\/?s={search_term_string}\"},\"query-input\":\"required name=search_term_string\"}],\"inLanguage\":\"en-US\"},{\"@type\":\"Organization\",\"@id\":\"https:\/\/kbp-ks.com\/#organization\",\"name\":\"KBP\",\"url\":\"https:\/\/kbp-ks.com\/\",\"logo\":{\"@type\":\"ImageObject\",\"inLanguage\":\"en-US\",\"@id\":\"https:\/\/kbp-ks.com\/#\/schema\/logo\/image\/\",\"url\":\"https:\/\/kbp-ks.com\/wp-content\/uploads\/2022\/12\/kbp_1.png\",\"contentUrl\":\"https:\/\/kbp-ks.com\/wp-content\/uploads\/2022\/12\/kbp_1.png\",\"width\":174,\"height\":60,\"caption\":\"KBP\"},\"image\":{\"@id\":\"https:\/\/kbp-ks.com\/#\/schema\/logo\/image\/\"}}]}<\/script>\n<!-- \/ Yoast SEO plugin. -->","yoast_head_json":{"title":"Valvula Termostatike - KBP","robots":{"index":"index","follow":"follow","max-snippet":"max-snippet:-1","max-image-preview":"max-image-preview:large","max-video-preview":"max-video-preview:-1"},"canonical":"https:\/\/kbp-ks.com\/?product=valvula-termostatike","og_locale":"en_US","og_type":"article","og_title":"Valvula Termostatike - KBP","og_description":"T\u00eb gjith\u00eb trupat termostatik\u00eb COMAP jan\u00eb b\u00ebr\u00eb n\u00eb Franc\u00eb, n\u00eb fabrik\u00ebn COMAP n\u00eb Abbeville, n\u00eb departamentin Somme.  Trupat termostatik\u00eb Kv fiks COMAP jan\u00eb t\u00eb p\u00ebrshtatsh\u00ebm p\u00ebr aplikimet e m\u00ebposhtme: Ngrohje.Sisteme standarde t\u00eb ngrohjes me uj\u00eb t\u00eb ngroht\u00eb, n\u00eb kushtet e m\u00ebposhtme: Presioni maksimal i funksionimit: 10 bar. Temperatura maksimale e funksionimit: 110 \u00b0C. Presioni diferencial maksimal: 0,6 bar. Goditja maksimale: 2 mm.","og_url":"https:\/\/kbp-ks.com\/?product=valvula-termostatike","og_site_name":"KBP","article_modified_time":"2023-02-14T16:10:27+00:00","og_image":[{"url":"https:\/\/kbp-ks.com\/wp-content\/uploads\/2023\/01\/valvula-termostatike.jpg","width":1024,"height":996,"type":"image\/jpeg"}],"twitter_card":"summary_large_image","twitter_misc":{"Est. reading time":"1 minute"},"schema":{"@context":"https:\/\/schema.org","@graph":[{"@type":"WebPage","@id":"https:\/\/kbp-ks.com\/?product=valvula-termostatike","url":"https:\/\/kbp-ks.com\/?product=valvula-termostatike","name":"Valvula Termostatike - KBP","isPartOf":{"@id":"https:\/\/kbp-ks.com\/#website"},"datePublished":"2023-01-30T21:58:20+00:00","dateModified":"2023-02-14T16:10:27+00:00","breadcrumb":{"@id":"https:\/\/kbp-ks.com\/?product=valvula-termostatike#breadcrumb"},"inLanguage":"en-US","potentialAction":[{"@type":"ReadAction","target":["https:\/\/kbp-ks.com\/?product=valvula-termostatike"]}]},{"@type":"BreadcrumbList","@id":"https:\/\/kbp-ks.com\/?product=valvula-termostatike#breadcrumb","itemListElement":[{"@type":"ListItem","position":1,"name":"Home","item":"https:\/\/kbp-ks.com\/"},{"@type":"ListItem","position":2,"name":"Kategorite e produkteve","item":"https:\/\/kbp-ks.com\/?page_id=1781"},{"@type":"ListItem","position":3,"name":"Valvula Termostatike"}]},{"@type":"WebSite","@id":"https:\/\/kbp-ks.com\/#website","url":"https:\/\/kbp-ks.com\/","name":"KBP","description":"The technology of future","publisher":{"@id":"https:\/\/kbp-ks.com\/#organization"},"potentialAction":[{"@type":"SearchAction","target":{"@type":"EntryPoint","urlTemplate":"https:\/\/kbp-ks.com\/?s={search_term_string}"},"query-input":"required name=search_term_string"}],"inLanguage":"en-US"},{"@type":"Organization","@id":"https:\/\/kbp-ks.com\/#organization","name":"KBP","url":"https:\/\/kbp-ks.com\/","logo":{"@type":"ImageObject","inLanguage":"en-US","@id":"https:\/\/kbp-ks.com\/#\/schema\/logo\/image\/","url":"https:\/\/kbp-ks.com\/wp-content\/uploads\/2022\/12\/kbp_1.png","contentUrl":"https:\/\/kbp-ks.com\/wp-content\/uploads\/2022\/12\/kbp_1.png","width":174,"height":60,"caption":"KBP"},"image":{"@id":"https:\/\/kbp-ks.com\/#\/schema\/logo\/image\/"}}]}},"_links":{"self":[{"href":"https:\/\/kbp-ks.com\/index.php?rest_route=\/wp\/v2\/product\/1577","targetHints":{"allow":["GET"]}}],"collection":[{"href":"https:\/\/kbp-ks.com\/index.php?rest_route=\/wp\/v2\/product"}],"about":[{"href":"https:\/\/kbp-ks.com\/index.php?rest_route=\/wp\/v2\/types\/product"}],"wp:featuredmedia":[{"embeddable":true,"href":"https:\/\/kbp-ks.com\/index.php?rest_route=\/wp\/v2\/media\/1578"}],"wp:attachment":[{"href":"https:\/\/kbp-ks.com\/index.php?rest_route=%2Fwp%2Fv2%2Fmedia&parent=1577"}],"wp:term":[{"taxonomy":"product_cat","embeddable":true,"href":"https:\/\/kbp-ks.com\/index.php?rest_route=%2Fwp%2Fv2%2Fproduct_cat&post=1577"},{"taxonomy":"product_tag","embeddable":true,"href":"https:\/\/kbp-ks.com\/index.php?rest_route=%2Fwp%2Fv2%2Fproduct_tag&post=1577"}],"curies":[{"name":"wp","href":"https:\/\/api.w.org\/{rel}","templated":true}]}}