{"id":1579,"date":"2023-01-30T22:09:28","date_gmt":"2023-01-30T22:09:28","guid":{"rendered":"http:\/\/193.37.212.143\/?post_type=product&#038;p=1579"},"modified":"2023-02-15T12:45:45","modified_gmt":"2023-02-15T12:45:45","slug":"tub-biopert-portokalli","status":"publish","type":"product","link":"https:\/\/kbp-ks.com\/?product=tub-biopert-portokalli","title":{"rendered":"Tub BioPert portokalli"},"content":{"rendered":"<ul>\n<li>Tubat BioPert jan\u00eb t\u00eb p\u00ebrshtatsh\u00ebm p\u00ebr t\u00eb gjitha aplikimet e ngrohjes dhe hidraulik\u00ebs. Tubat mund t\u00eb p\u00ebrdoren n\u00eb instalime t\u00eb reja si dhe p\u00ebr rinovime. Ato mund t\u00eb fshihen ose t\u00eb ekspozohen.Tubat BioPert jan\u00eb projektuar p\u00ebr aplikimet e m\u00ebposhtme.<\/li>\n<li><span class=\"cat-li\">Uji sanitar: +5 \u00b0C deri +70 \u00b0C (temperatura e funksionimit).<\/span><\/li>\n<li><span class=\"cat-li\">Ngrohja dhe ftohja: +5 \u00b0C deri +70 \u00b0C (temperatura e funksionimit).<\/span><\/li>\n<li><span class=\"cat-li\">Uji i shiut: +5 \u00b0C deri +70 \u00b0C (temperatura e funksionimit).<\/span><\/li>\n<li><span class=\"cat-li\">Ajri i kompresuar: +5 \u00b0C deri +70 \u00b0C.<\/span><\/li>\n<li><span class=\"cat-li\">Presioni i funksionimit varet nga trash\u00ebsia e tubit.<\/span><\/li>\n<\/ul>\n","protected":false},"excerpt":{"rendered":"<p><span class=\"cat-li\">B\u00ebr\u00eb nga PE-RT II: tubi polietileni-RT siguron rezistenc\u00eb t\u00eb lart\u00eb ndaj temperatur\u00ebs dhe presionit.<\/span><span class=\"cat-li\">Shtresa EVOH: penges\u00eb e bashk\u00ebekstruduar e oksigjenit n\u00eb shtres\u00ebn e mesme (pozicioni 3).<\/span><span class=\"cat-li\">E disponueshme n\u00eb 16 mm.<\/span><br \/>\nAplikacionet<span class=\"cat-li\">Tubat PE-RT me 5 shtresa Comap BioPert jan\u00eb t\u00eb p\u00ebrshtatsh\u00ebm p\u00ebr t\u00eb gjitha instalimet e ngrohjes.<\/span><span class=\"cat-li\">Barriera e tij e oksigjenit, e kombinuar me fleksibilitetin e PE-RT, e b\u00ebn at\u00eb ideal p\u00ebr sistemet e ngrohjes dhe ftohjes n\u00ebn dysheme.<\/span><span class=\"cat-li\">Ato mund t\u00eb p\u00ebrdoren p\u00ebr instalime t\u00eb reja si dhe p\u00ebr pun\u00eb rinovimi, t\u00eb fshehura dhe t\u00eb ekspozuara.<\/span><\/p>\n<p><span class=\"cat-li\">Rezistent ndaj korrozionit dhe i pap\u00ebrshkuesh\u00ebm nga oksigjeni p\u00ebr performanc\u00eb t\u00eb p\u00ebrmir\u00ebsuar t\u00eb ngrohjes duke parandaluar bllokimin e qarqeve t\u00eb mbyllura.<\/span><span class=\"cat-li\">Instalim i leht\u00eb p\u00ebr shkak t\u00eb leht\u00ebsis\u00eb s\u00eb tij t\u00eb trajtimit.<\/span><span class=\"cat-li\">Barriera e tij e oksigjenit \u00ebsht\u00eb e bashk\u00ebekstruduar n\u00eb shtres\u00ebn e mesme, k\u00ebshtu q\u00eb mbrohet plot\u00ebsisht nga agresionet e jashtme gjat\u00eb instalimit.<\/span><span class=\"cat-li\">Sip\u00ebrfaqe e brendshme e l\u00ebmuar, e cila nuk lidh g\u00eblqere, duke siguruar r\u00ebnie minimale t\u00eb presionit dhe reduktim t\u00eb mir\u00eb t\u00eb zhurm\u00ebs s\u00eb rrjedhjes.<\/span><\/p>\n","protected":false},"featured_media":1580,"template":"","meta":[],"product_cat":[60],"product_tag":[],"class_list":{"0":"post-1579","1":"product","2":"type-product","3":"status-publish","4":"has-post-thumbnail","6":"product_cat-tubat","8":"first","9":"instock","10":"shipping-taxable","11":"product-type-simple"},"yoast_head":"<!-- This site is optimized with the Yoast SEO plugin v20.9 - https:\/\/yoast.com\/wordpress\/plugins\/seo\/ -->\n<title>Tub BioPert portokalli - KBP<\/title>\n<meta name=\"robots\" content=\"index, follow, max-snippet:-1, max-image-preview:large, max-video-preview:-1\" \/>\n<link rel=\"canonical\" href=\"https:\/\/kbp-ks.com\/?product=tub-biopert-portokalli\" \/>\n<meta property=\"og:locale\" content=\"en_US\" \/>\n<meta property=\"og:type\" content=\"article\" \/>\n<meta property=\"og:title\" content=\"Tub BioPert portokalli - KBP\" \/>\n<meta property=\"og:description\" content=\"B\u00ebr\u00eb nga PE-RT II: tubi polietileni-RT siguron rezistenc\u00eb t\u00eb lart\u00eb ndaj temperatur\u00ebs dhe presionit.Shtresa EVOH: penges\u00eb e bashk\u00ebekstruduar e oksigjenit n\u00eb shtres\u00ebn e mesme (pozicioni 3).E disponueshme n\u00eb 16 mm. AplikacionetTubat PE-RT me 5 shtresa Comap BioPert jan\u00eb t\u00eb p\u00ebrshtatsh\u00ebm p\u00ebr t\u00eb gjitha instalimet e ngrohjes.Barriera e tij e oksigjenit, e kombinuar me fleksibilitetin e PE-RT, e b\u00ebn at\u00eb ideal p\u00ebr sistemet e ngrohjes dhe ftohjes n\u00ebn dysheme.Ato mund t\u00eb p\u00ebrdoren p\u00ebr instalime t\u00eb reja si dhe p\u00ebr pun\u00eb rinovimi, t\u00eb fshehura dhe t\u00eb ekspozuara.  Rezistent ndaj korrozionit dhe i pap\u00ebrshkuesh\u00ebm nga oksigjeni p\u00ebr performanc\u00eb t\u00eb p\u00ebrmir\u00ebsuar t\u00eb ngrohjes duke parandaluar bllokimin e qarqeve t\u00eb mbyllura.Instalim i leht\u00eb p\u00ebr shkak t\u00eb leht\u00ebsis\u00eb s\u00eb tij t\u00eb trajtimit.Barriera e tij e oksigjenit \u00ebsht\u00eb e bashk\u00ebekstruduar n\u00eb shtres\u00ebn e mesme, k\u00ebshtu q\u00eb mbrohet plot\u00ebsisht nga agresionet e jashtme gjat\u00eb instalimit.Sip\u00ebrfaqe e brendshme e l\u00ebmuar, e cila nuk lidh g\u00eblqere, duke siguruar r\u00ebnie minimale t\u00eb presionit dhe reduktim t\u00eb mir\u00eb t\u00eb zhurm\u00ebs s\u00eb rrjedhjes.\" \/>\n<meta property=\"og:url\" content=\"https:\/\/kbp-ks.com\/?product=tub-biopert-portokalli\" \/>\n<meta property=\"og:site_name\" content=\"KBP\" \/>\n<meta property=\"article:modified_time\" content=\"2023-02-15T12:45:45+00:00\" \/>\n<meta property=\"og:image\" content=\"https:\/\/kbp-ks.com\/wp-content\/uploads\/2023\/01\/Packshot-jpg-C4EF1181A9E947B59D8162D67C8BDE3D-9017.jpg\" \/>\n\t<meta property=\"og:image:width\" content=\"614\" \/>\n\t<meta property=\"og:image:height\" content=\"400\" \/>\n\t<meta property=\"og:image:type\" content=\"image\/jpeg\" \/>\n<meta name=\"twitter:card\" content=\"summary_large_image\" \/>\n<meta name=\"twitter:label1\" content=\"Est. reading time\" \/>\n\t<meta name=\"twitter:data1\" content=\"1 minute\" \/>\n<script type=\"application\/ld+json\" class=\"yoast-schema-graph\">{\"@context\":\"https:\/\/schema.org\",\"@graph\":[{\"@type\":\"WebPage\",\"@id\":\"https:\/\/kbp-ks.com\/?product=tub-biopert-portokalli\",\"url\":\"https:\/\/kbp-ks.com\/?product=tub-biopert-portokalli\",\"name\":\"Tub BioPert portokalli - KBP\",\"isPartOf\":{\"@id\":\"https:\/\/kbp-ks.com\/#website\"},\"datePublished\":\"2023-01-30T22:09:28+00:00\",\"dateModified\":\"2023-02-15T12:45:45+00:00\",\"breadcrumb\":{\"@id\":\"https:\/\/kbp-ks.com\/?product=tub-biopert-portokalli#breadcrumb\"},\"inLanguage\":\"en-US\",\"potentialAction\":[{\"@type\":\"ReadAction\",\"target\":[\"https:\/\/kbp-ks.com\/?product=tub-biopert-portokalli\"]}]},{\"@type\":\"BreadcrumbList\",\"@id\":\"https:\/\/kbp-ks.com\/?product=tub-biopert-portokalli#breadcrumb\",\"itemListElement\":[{\"@type\":\"ListItem\",\"position\":1,\"name\":\"Home\",\"item\":\"https:\/\/kbp-ks.com\/\"},{\"@type\":\"ListItem\",\"position\":2,\"name\":\"Kategorite e produkteve\",\"item\":\"https:\/\/kbp-ks.com\/?page_id=1781\"},{\"@type\":\"ListItem\",\"position\":3,\"name\":\"Tub BioPert portokalli\"}]},{\"@type\":\"WebSite\",\"@id\":\"https:\/\/kbp-ks.com\/#website\",\"url\":\"https:\/\/kbp-ks.com\/\",\"name\":\"KBP\",\"description\":\"The technology of future\",\"publisher\":{\"@id\":\"https:\/\/kbp-ks.com\/#organization\"},\"potentialAction\":[{\"@type\":\"SearchAction\",\"target\":{\"@type\":\"EntryPoint\",\"urlTemplate\":\"https:\/\/kbp-ks.com\/?s={search_term_string}\"},\"query-input\":\"required name=search_term_string\"}],\"inLanguage\":\"en-US\"},{\"@type\":\"Organization\",\"@id\":\"https:\/\/kbp-ks.com\/#organization\",\"name\":\"KBP\",\"url\":\"https:\/\/kbp-ks.com\/\",\"logo\":{\"@type\":\"ImageObject\",\"inLanguage\":\"en-US\",\"@id\":\"https:\/\/kbp-ks.com\/#\/schema\/logo\/image\/\",\"url\":\"https:\/\/kbp-ks.com\/wp-content\/uploads\/2022\/12\/kbp_1.png\",\"contentUrl\":\"https:\/\/kbp-ks.com\/wp-content\/uploads\/2022\/12\/kbp_1.png\",\"width\":174,\"height\":60,\"caption\":\"KBP\"},\"image\":{\"@id\":\"https:\/\/kbp-ks.com\/#\/schema\/logo\/image\/\"}}]}<\/script>\n<!-- \/ Yoast SEO plugin. -->","yoast_head_json":{"title":"Tub BioPert portokalli - KBP","robots":{"index":"index","follow":"follow","max-snippet":"max-snippet:-1","max-image-preview":"max-image-preview:large","max-video-preview":"max-video-preview:-1"},"canonical":"https:\/\/kbp-ks.com\/?product=tub-biopert-portokalli","og_locale":"en_US","og_type":"article","og_title":"Tub BioPert portokalli - KBP","og_description":"B\u00ebr\u00eb nga PE-RT II: tubi polietileni-RT siguron rezistenc\u00eb t\u00eb lart\u00eb ndaj temperatur\u00ebs dhe presionit.Shtresa EVOH: penges\u00eb e bashk\u00ebekstruduar e oksigjenit n\u00eb shtres\u00ebn e mesme (pozicioni 3).E disponueshme n\u00eb 16 mm. AplikacionetTubat PE-RT me 5 shtresa Comap BioPert jan\u00eb t\u00eb p\u00ebrshtatsh\u00ebm p\u00ebr t\u00eb gjitha instalimet e ngrohjes.Barriera e tij e oksigjenit, e kombinuar me fleksibilitetin e PE-RT, e b\u00ebn at\u00eb ideal p\u00ebr sistemet e ngrohjes dhe ftohjes n\u00ebn dysheme.Ato mund t\u00eb p\u00ebrdoren p\u00ebr instalime t\u00eb reja si dhe p\u00ebr pun\u00eb rinovimi, t\u00eb fshehura dhe t\u00eb ekspozuara.  Rezistent ndaj korrozionit dhe i pap\u00ebrshkuesh\u00ebm nga oksigjeni p\u00ebr performanc\u00eb t\u00eb p\u00ebrmir\u00ebsuar t\u00eb ngrohjes duke parandaluar bllokimin e qarqeve t\u00eb mbyllura.Instalim i leht\u00eb p\u00ebr shkak t\u00eb leht\u00ebsis\u00eb s\u00eb tij t\u00eb trajtimit.Barriera e tij e oksigjenit \u00ebsht\u00eb e bashk\u00ebekstruduar n\u00eb shtres\u00ebn e mesme, k\u00ebshtu q\u00eb mbrohet plot\u00ebsisht nga agresionet e jashtme gjat\u00eb instalimit.Sip\u00ebrfaqe e brendshme e l\u00ebmuar, e cila nuk lidh g\u00eblqere, duke siguruar r\u00ebnie minimale t\u00eb presionit dhe reduktim t\u00eb mir\u00eb t\u00eb zhurm\u00ebs s\u00eb rrjedhjes.","og_url":"https:\/\/kbp-ks.com\/?product=tub-biopert-portokalli","og_site_name":"KBP","article_modified_time":"2023-02-15T12:45:45+00:00","og_image":[{"width":614,"height":400,"url":"https:\/\/kbp-ks.com\/wp-content\/uploads\/2023\/01\/Packshot-jpg-C4EF1181A9E947B59D8162D67C8BDE3D-9017.jpg","type":"image\/jpeg"}],"twitter_card":"summary_large_image","twitter_misc":{"Est. reading time":"1 minute"},"schema":{"@context":"https:\/\/schema.org","@graph":[{"@type":"WebPage","@id":"https:\/\/kbp-ks.com\/?product=tub-biopert-portokalli","url":"https:\/\/kbp-ks.com\/?product=tub-biopert-portokalli","name":"Tub BioPert portokalli - KBP","isPartOf":{"@id":"https:\/\/kbp-ks.com\/#website"},"datePublished":"2023-01-30T22:09:28+00:00","dateModified":"2023-02-15T12:45:45+00:00","breadcrumb":{"@id":"https:\/\/kbp-ks.com\/?product=tub-biopert-portokalli#breadcrumb"},"inLanguage":"en-US","potentialAction":[{"@type":"ReadAction","target":["https:\/\/kbp-ks.com\/?product=tub-biopert-portokalli"]}]},{"@type":"BreadcrumbList","@id":"https:\/\/kbp-ks.com\/?product=tub-biopert-portokalli#breadcrumb","itemListElement":[{"@type":"ListItem","position":1,"name":"Home","item":"https:\/\/kbp-ks.com\/"},{"@type":"ListItem","position":2,"name":"Kategorite e produkteve","item":"https:\/\/kbp-ks.com\/?page_id=1781"},{"@type":"ListItem","position":3,"name":"Tub BioPert portokalli"}]},{"@type":"WebSite","@id":"https:\/\/kbp-ks.com\/#website","url":"https:\/\/kbp-ks.com\/","name":"KBP","description":"The technology of future","publisher":{"@id":"https:\/\/kbp-ks.com\/#organization"},"potentialAction":[{"@type":"SearchAction","target":{"@type":"EntryPoint","urlTemplate":"https:\/\/kbp-ks.com\/?s={search_term_string}"},"query-input":"required name=search_term_string"}],"inLanguage":"en-US"},{"@type":"Organization","@id":"https:\/\/kbp-ks.com\/#organization","name":"KBP","url":"https:\/\/kbp-ks.com\/","logo":{"@type":"ImageObject","inLanguage":"en-US","@id":"https:\/\/kbp-ks.com\/#\/schema\/logo\/image\/","url":"https:\/\/kbp-ks.com\/wp-content\/uploads\/2022\/12\/kbp_1.png","contentUrl":"https:\/\/kbp-ks.com\/wp-content\/uploads\/2022\/12\/kbp_1.png","width":174,"height":60,"caption":"KBP"},"image":{"@id":"https:\/\/kbp-ks.com\/#\/schema\/logo\/image\/"}}]}},"_links":{"self":[{"href":"https:\/\/kbp-ks.com\/index.php?rest_route=\/wp\/v2\/product\/1579","targetHints":{"allow":["GET"]}}],"collection":[{"href":"https:\/\/kbp-ks.com\/index.php?rest_route=\/wp\/v2\/product"}],"about":[{"href":"https:\/\/kbp-ks.com\/index.php?rest_route=\/wp\/v2\/types\/product"}],"wp:featuredmedia":[{"embeddable":true,"href":"https:\/\/kbp-ks.com\/index.php?rest_route=\/wp\/v2\/media\/1580"}],"wp:attachment":[{"href":"https:\/\/kbp-ks.com\/index.php?rest_route=%2Fwp%2Fv2%2Fmedia&parent=1579"}],"wp:term":[{"taxonomy":"product_cat","embeddable":true,"href":"https:\/\/kbp-ks.com\/index.php?rest_route=%2Fwp%2Fv2%2Fproduct_cat&post=1579"},{"taxonomy":"product_tag","embeddable":true,"href":"https:\/\/kbp-ks.com\/index.php?rest_route=%2Fwp%2Fv2%2Fproduct_tag&post=1579"}],"curies":[{"name":"wp","href":"https:\/\/api.w.org\/{rel}","templated":true}]}}